{"id":16,"date":"2020-12-02T00:48:31","date_gmt":"2020-12-02T00:48:31","guid":{"rendered":"https:\/\/beta.wwpinc.com\/?page_id=16"},"modified":"2025-03-07T05:21:43","modified_gmt":"2025-03-07T05:21:43","slug":"home","status":"publish","type":"page","link":"https:\/\/wwpbeauty.com\/fr\/","title":{"rendered":"Accueil"},"content":{"rendered":"<div class=\"wp-block-group\"><div class=\"wp-block-group__inner-container is-layout-flow wp-block-group-is-layout-flow\">\n<div class=\"wp-block-group hide-for-medium-up home-video video-w-sound video-muted\"><div class=\"wp-block-group__inner-container is-layout-flow wp-block-group-is-layout-flow\"><section id=\"hero-block_5fed41bd41954\" class=\"hero-block\">\n\n\n\t\t\t\t<div class=\"video-background\">\n\t\t    <iframe id=\"home-video\" class=\"video\" src=\"https:\/\/player.vimeo.com\/video\/498033058?h=33692cf6a1&#038;badge=0&#038;autopause=0&#038;player_id=0&#038;app_id=58479&#038;background=1?autoplay=1&#038;loop=1&#038;autopause=0&#038;muted=1&#038;background=1&#038;byline=0&#038;controls=0&#038;title=0\" allow=\"autoplay\" style=\"position:absolute;top:0;left:0;width:100%;height: 100%;\"><\/iframe>\n\t\t\t<i class=\"icn-speaker\"><\/i>\n\t\t<\/div>\n\t\n\t<div class=\"large-7 medium-7 columns text-box\">\n    \t<h1><\/h1>\t\n    \t<h2><\/h2>\n\t\t<div class=\"section-body\">\n\t\t\t\t\t<\/div>\n\t<\/div>\n\n\n\t\t\n    <div class=\"clearfix\"><\/div>\n<\/section><\/div><\/div>\n<\/div><\/div>\n\n\n\n<div class=\"wp-block-columns home-links-container is-layout-flex wp-container-core-columns-is-layout-9d6595d7 wp-block-columns-is-layout-flex\">\n<div class=\"wp-block-column is-layout-flow wp-block-column-is-layout-flow\"><div id=\"home-link-box-block_5fc85009f45c2\" class=\"home-link-box\">\n\t<img decoding=\"async\" src=\"https:\/\/wwpbeauty.com\/wp-content\/uploads\/2020\/12\/WWP_Us.jpg\" alt=\"WWP Beauty - Us\" \/>\n    <div class=\"headlines\">\n\t\t<a href=\"https:\/\/wwpbeauty.com\/fr\/us\/\">\n    \t\t<h1>Check <u>Nous<\/u> consulter<\/h1>\n\t    \t<h2>Qui sommes-nous<\/h2>\n\t\t<\/a>\n\t<\/div>\n\t<div class=\"link-icon\">\n\t\t<a href=\"https:\/\/wwpbeauty.com\/fr\/us\/\">\n\t\t\t<img decoding=\"async\" src=\"https:\/\/wwpbeauty.com\/wp-content\/themes\/wwp-custom\/images\/Arrow_Black.svg\">\n\t\t<\/a>\n\t<\/div>\n<\/div>\n<style type=\"text\/css\">\n\t#home-link-box-block_5fc85009f45c2 {\n\t\tbackground: #ecc3b2;\n\t}\n<\/style><\/div>\n\n\n\n<div class=\"wp-block-column is-layout-flow wp-block-column-is-layout-flow\"><div id=\"home-link-box-block_5fc85036f45c3\" class=\"home-link-box\">\n\t<img decoding=\"async\" src=\"https:\/\/wwpbeauty.com\/wp-content\/uploads\/2020\/12\/WWP_You-1.jpg\" alt=\"WWP Beauty - You\" \/>\n    <div class=\"headlines\">\n\t\t<a href=\"https:\/\/wwpbeauty.com\/fr\/you\/\">\n    \t\t<h1>Apportant <u>Vous<\/u> valeur.<\/h1>\n\t    \t<h2>Les valeurs que nous d\u00e9fendons.<\/h2>\n\t\t<\/a>\n\t<\/div>\n\t<div class=\"link-icon\">\n\t\t<a href=\"https:\/\/wwpbeauty.com\/fr\/you\/\">\n\t\t\t<img decoding=\"async\" src=\"https:\/\/wwpbeauty.com\/wp-content\/themes\/wwp-custom\/images\/Arrow_Black.svg\">\n\t\t<\/a>\n\t<\/div>\n<\/div>\n<style type=\"text\/css\">\n\t#home-link-box-block_5fc85036f45c3 {\n\t\tbackground: #b9d3dc;\n\t}\n<\/style><\/div>\n\n\n\n<div class=\"wp-block-column is-layout-flow wp-block-column-is-layout-flow\"><div id=\"home-link-box-block_5fc85058f45c4\" class=\"home-link-box\">\n\t<img decoding=\"async\" src=\"https:\/\/wwpbeauty.com\/wp-content\/uploads\/2020\/12\/WWP_We.jpg\" alt=\"WWP Beauty - We\" \/>\n    <div class=\"headlines\">\n\t\t<a href=\"https:\/\/wwpbeauty.com\/fr\/we\/\">\n    \t\t<h1>Ensemble <u>Ensemble<\/u> pouvez.<\/h1>\n\t    \t<h2>Le but que nous d\u00e9fendons.<\/h2>\n\t\t<\/a>\n\t<\/div>\n\t<div class=\"link-icon\">\n\t\t<a href=\"https:\/\/wwpbeauty.com\/fr\/we\/\">\n\t\t\t<img decoding=\"async\" src=\"https:\/\/wwpbeauty.com\/wp-content\/themes\/wwp-custom\/images\/Arrow_Black.svg\">\n\t\t<\/a>\n\t<\/div>\n<\/div>\n<style type=\"text\/css\">\n\t#home-link-box-block_5fc85058f45c4 {\n\t\tbackground: #b6cfae;\n\t}\n<\/style><\/div>\n<\/div>\n\n\n<section id=\"page-section-block_5fc9881016ad4\" class=\"search-block\">\n\n\t\t<div class=\"large-6 medium-6 columns\">\n    \t<h1>Que recherchez-vous ?<br>looking for?<\/h1>\n\t<\/div>\n\t\n\t<div class=\"large-6 medium-6 columns\">\n\t\t<form method=\"get\" id=\"searchform\" action=\"https:\/\/wwpbeauty.com\/fr\/\" data-trp-original-action=\"https:\/\/wwpbeauty.com\/fr\/\">\n      \t\t<input type=\"text\" value=\"\" placeholder=\"\" id=\"s\" name=\"s\">\n     \t\t <input type=\"submit\" id=\"searchsubmit\" value=\"Chercher\" class=\"btn hide\" \/>\n    \t<input type=\"hidden\" name=\"trp-form-language\" value=\"fr\"\/><\/form>\n\t<\/div>\n\t\n\t\n    <div class=\"clearfix\"><\/div>\n\n\n\n<\/section>\n<style type=\"text\/css\">\n\t#page-section-block_5fc9881016ad4 {\n\t\tbackground:#f2ebe7;\n\t}\n<\/style>\n\n\n<div class=\"wp-block-columns is-layout-flex wp-container-core-columns-is-layout-9d6595d7 wp-block-columns-is-layout-flex\">\n<div class=\"wp-block-column is-layout-flow wp-block-column-is-layout-flow\" style=\"flex-basis:100%\">\n<div class=\"wp-block-columns are-vertically-aligned-top is-layout-flex wp-container-core-columns-is-layout-9d6595d7 wp-block-columns-is-layout-flex\">\n<div class=\"wp-block-column is-vertically-aligned-top is-layout-flow wp-block-column-is-layout-flow\" style=\"flex-basis:67%\">\n<div class=\"wp-block-columns is-layout-flex wp-container-core-columns-is-layout-9d6595d7 wp-block-columns-is-layout-flex\">\n<div class=\"wp-block-column is-layout-flow wp-block-column-is-layout-flow\" style=\"flex-basis:50%\">\n<div class=\"wp-block-group\"><div class=\"wp-block-group__inner-container is-layout-flow wp-block-group-is-layout-flow\"><section id=\"link-box-block_67c9599766513\" class=\"link-box\">\n   <a href=\"https:\/\/wwpbeauty.com\/fr\/we\/\">\n    \t\tEco-conception<img decoding=\"async\" class=\"link-arrow\" src=\"https:\/\/wwpbeauty.com\/wp-content\/themes\/wwp-custom\/images\/Arrow_Small.svg\">\n    \n    <div class=\"img-container\">\n\t\t<img decoding=\"async\" src=\"https:\/\/wwpbeauty.com\/wp-content\/uploads\/2020\/12\/sustainability-updated-2.jpg\" alt=\"WWP Beauty Sustainability\" \/>\n\t<\/div><\/a>\n<\/section>\n<style type=\"text\/css\">\n\t#link-box-block_67c9599766513 {\n\t\tbackground:#f2ebe7;\n\t}\n<\/style>\n<\/div><\/div>\n<\/div>\n\n\n\n<div class=\"wp-block-column is-layout-flow wp-block-column-is-layout-flow\" style=\"flex-basis:50%\">\n<div class=\"wp-block-group\"><div class=\"wp-block-group__inner-container is-layout-flow wp-block-group-is-layout-flow\"><section id=\"link-box-block_67c9597066512\" class=\"link-box\">\n   <a href=\"https:\/\/wwpbeauty.com\/fr\/us\/\">\n    \t\tPacakaging<img decoding=\"async\" class=\"link-arrow\" src=\"https:\/\/wwpbeauty.com\/wp-content\/themes\/wwp-custom\/images\/Arrow_Small.svg\">\n    \n    <div class=\"img-container\">\n\t\t<img decoding=\"async\" src=\"https:\/\/wwpbeauty.com\/wp-content\/uploads\/2020\/12\/packages-updated.jpg\" alt=\"WWP Beauty Packaging\" \/>\n\t<\/div><\/a>\n<\/section>\n<style type=\"text\/css\">\n\t#link-box-block_67c9597066512 {\n\t\tbackground:#f2ebe7;\n\t}\n<\/style>\n<\/div><\/div>\n<\/div>\n<\/div>\n<\/div>\n\n\n\n<div class=\"wp-block-column is-vertically-aligned-top is-layout-flow wp-block-column-is-layout-flow\" style=\"flex-basis:33.48888%\">\n<div class=\"wp-block-group\"><div class=\"wp-block-group__inner-container is-layout-flow wp-block-group-is-layout-flow\"><section id=\"link-box-block_67c9593f66511\" class=\"link-box\">\n   <a href=\"https:\/\/wwpbeauty.com\/fr\/you\/\">\n    \t\tAccessoires<img decoding=\"async\" class=\"link-arrow\" src=\"https:\/\/wwpbeauty.com\/wp-content\/themes\/wwp-custom\/images\/Arrow_Small.svg\">\n    \n    <div class=\"img-container\">\n\t\t<img decoding=\"async\" src=\"https:\/\/wwpbeauty.com\/wp-content\/uploads\/2020\/12\/accessories-updated.jpg\" alt=\"WWP Beauty Accessories\" \/>\n\t<\/div><\/a>\n<\/section>\n<style type=\"text\/css\">\n\t#link-box-block_67c9593f66511 {\n\t\tbackground:#f2ebe7;\n\t}\n<\/style>\n<\/div><\/div>\n<\/div>\n<\/div>\n<\/div>\n<\/div>\n\n\n<section id=\"page-section-block_5fc867901d888\" class=\"page-section-block layout-background-image\">\n\n\t<div class=\"large-6 medium-6 columns text-block\">\n\t<div class=\"section-text\">\n    \t<h1>Ensemble nous pouvons.<\/h1>\n    \t<h2>Cr\u00e9er un avenir meilleur. <\/h2>\n\t\t<p>Notre engagement est de cr\u00e9er un impact positif sur notre monde. Nous donnons \u00e0 nos clients plus de choix afin qu\u2019ils\npuissent faire partie de notre voyage pour rendre l\u2019avenir plus durable, plus propre et inclusif.<\/p>\n\t\n\t\t\t\t\t<div class=\"link\">\n\t\t\t\t<a href=\"https:\/\/wwpbeauty.com\/fr\/we\/\" class=\"button\">En savoir plus<\/a>\n\t\t\t<\/div>\n\t\t\t\t\t   <\/div>\n\t<\/div>\n<div class=\"large-6 medium-6 columns\">\n\t&nbsp;\n<\/div>\n<div class=\"clearfix\"><\/div>    \t\n\n<\/section>\n<style type=\"text\/css\">\n\t#page-section-block_5fc867901d888 {\n\t\tbackground:url(https:\/\/wwpbeauty.com\/wp-content\/uploads\/2020\/12\/sustainable-options-updated-scaled.jpg) no-repeat; background-size:cover; background-position:center;\t}\n\t#page-section-block_5fc867901d888 a.button {\n\t\tbackground:#f2ebe7;\n\t}\n\t#page-section-block_5fc867901d888 .section-text {\n\t\tbackground:\t}\n<\/style>\n\n<section id=\"page-section-block_5fc924096a647\" class=\"page-section-block layout-circle-left #f2ebe7\">\n\n\t<div class=\"large-6 medium-6 columns image-column\">\n\t<img decoding=\"async\" src=\"https:\/\/wwpbeauty.com\/wp-content\/uploads\/2020\/12\/WWP_Boomerang2.gif\" alt=\"Sustainable Packaging and Formulations for the Beauty Industry\" class=\"image-layout-circle-left\"\/>\n<\/div>\n<div class=\"large-6 medium-6 columns text-column\">\n\t<div class=\"headlines\">\n    \t<h1>Nous apportons de la valeur \u00e0 nos clients.<\/h1>\n    \t<h2>Vous avez un partenaire fiable. <\/h2>\n\t<\/div>\n\t\n\t<div class=\"section-body\">\n\t\t<p>WWP Beauty s&#039;engage \u00e0 d\u00e9velopper des solutions durables et tourn\u00e9es vers l&#039;avenir pour l&#039;industrie mondiale de la beaut\u00e9 gr\u00e2ce \u00e0 une collaboration \u00e9troite, une agilit\u00e9 exceptionnelle et une \u00e9chelle sans pr\u00e9c\u00e9dent. Notre offre de services complets de formules, d&#039;emballages et d&#039;accessoires, associ\u00e9e \u00e0 nos capacit\u00e9s de fabrication internes, nous permet de nous d\u00e9marquer en tant que source de toute beaut\u00e9. Gr\u00e2ce \u00e0 une \u00e9quipe mondiale d&#039;experts de la beaut\u00e9 qui couvre l&#039;Am\u00e9rique du Nord, la r\u00e9gion EMEA et APAC, WWP Beauty offre \u00e0 ses clients une assistance mondiale au niveau local.<\/p>\n\t<\/div>\n\t\n\t\t\t<div class=\"link\">\n\t\t\t<a href=\"https:\/\/wwpbeauty.com\/fr\/us\/\" class=\"button\">En savoir plus<\/a>\n\t\t<\/div>\n    <\/div>\n<div class=\"clearfix\"><\/div>    \t\n\n<\/section>\n<style type=\"text\/css\">\n\t#page-section-block_5fc924096a647 {\n\t\tbackground:#f2ebe7;\t}\n\t#page-section-block_5fc924096a647 a.button {\n\t\tbackground:#b9d3dc;\n\t}\n\t#page-section-block_5fc924096a647 .section-text {\n\t\tbackground:#f2ebe7\t}\n<\/style>\n\n\n<div class=\"wp-block-group content-container instagram-block has-black-color has-lightgrey-background-color has-text-color has-background\"><div class=\"wp-block-group__inner-container is-layout-flow wp-block-group-is-layout-flow\">\n<hr>\n<h1>Pour plus d\u2019informations<\/h1>\n<h2><a href=\"https:\/\/wwpbeauty.com\/fr\/contact\/\" data-wplink-edit=\"true\">Connectez-vous maintenant avec WWP Beauty<\/a><\/h2>\n\n\n\n<p><\/p>\n<\/div><\/div>\n\n\n\n<div class=\"wp-block-group content-container instagram-block has-black-color has-lightgrey-background-color has-text-color has-background\"><div class=\"wp-block-group__inner-container is-layout-flow wp-block-group-is-layout-flow\"><\/div><\/div>\n\n\n<section id=\"page-section-block_5fd297af71129\" class=\"newsletter-block\">\n\t\n    \t<h1>Inscrivez-vous \u00e0 notre newsletter<\/h1>\n\t\n\t\t\r\n\r\n&lt;!&#8211;<button type=\"submit\">Subscribe<\/button>&#8211;&gt;\r\n\r\n\r\n\t\n    <div class=\"clearfix\"><\/div>\n<\/section>\n<style type=\"text\/css\">\n\t#page-section-block_5fd297af71129 {\n\t\tbackground:#b9d3dc;\n\t}\n<\/style>\n\n\n<p><\/p>","protected":false},"excerpt":{"rendered":"<p>Want to be in the know? Connect with WWP Beauty now<\/p>","protected":false},"author":1,"featured_media":0,"parent":0,"menu_order":0,"comment_status":"closed","ping_status":"closed","template":"page-home.php","meta":{"_acf_changed":false,"footnotes":""},"class_list":["post-16","page","type-page","status-publish","hentry"],"acf":[],"_links":{"self":[{"href":"https:\/\/wwpbeauty.com\/fr\/wp-json\/wp\/v2\/pages\/16","targetHints":{"allow":["GET"]}}],"collection":[{"href":"https:\/\/wwpbeauty.com\/fr\/wp-json\/wp\/v2\/pages"}],"about":[{"href":"https:\/\/wwpbeauty.com\/fr\/wp-json\/wp\/v2\/types\/page"}],"author":[{"embeddable":true,"href":"https:\/\/wwpbeauty.com\/fr\/wp-json\/wp\/v2\/users\/1"}],"replies":[{"embeddable":true,"href":"https:\/\/wwpbeauty.com\/fr\/wp-json\/wp\/v2\/comments?post=16"}],"version-history":[{"count":181,"href":"https:\/\/wwpbeauty.com\/fr\/wp-json\/wp\/v2\/pages\/16\/revisions"}],"predecessor-version":[{"id":1913,"href":"https:\/\/wwpbeauty.com\/fr\/wp-json\/wp\/v2\/pages\/16\/revisions\/1913"}],"wp:attachment":[{"href":"https:\/\/wwpbeauty.com\/fr\/wp-json\/wp\/v2\/media?parent=16"}],"curies":[{"name":"wp","href":"https:\/\/api.w.org\/{rel}","templated":true}]}}