{"id":18,"date":"2020-12-02T00:48:46","date_gmt":"2020-12-02T00:48:46","guid":{"rendered":"https:\/\/beta.wwpinc.com\/?page_id=18"},"modified":"2025-03-10T06:07:51","modified_gmt":"2025-03-10T06:07:51","slug":"you","status":"publish","type":"page","link":"https:\/\/wwpbeauty.com\/fr\/you\/","title":{"rendered":"Vous"},"content":{"rendered":"<section id=\"hero-block_5fd6e9cb6243b\" class=\"hero-block\">\n\n\n\t\t\t\t<div class=\"video-background\">\n\t\t    <iframe id=\"home-video\" class=\"video\" src=\"https:\/\/player.vimeo.com\/video\/491914439?autoplay=1&#038;loop=1&#038;autopause=0&#038;muted=1&#038;background=1&#038;byline=0&#038;controls=0&#038;title=0\" allow=\"autoplay\" style=\"position:absolute;top:0;left:0;width:100%;height: 100%;\"><\/iframe>\n\t\t\t<i class=\"icn-speaker\"><\/i>\n\t\t<\/div>\n\t\n\t<div class=\"large-7 medium-7 columns text-box\">\n    \t<h1>Collaborez avec nous.<\/h1>\t\n    \t<h2>Des solutions faites pour vous.<\/h2>\n\t\t<div class=\"section-body\">\n\t\t\t<p class=\"p1\">WWP Beauty offre une exp\u00e9rience de service complet qui peut \u00eatre facilement int\u00e9gr\u00e9e \u00e0 votre entreprise. De la formulation \u00e0 la conception du produit, en passant par l&#039;emballage et les accessoires, notre \u00e9quipe vous accompagnera tout au long du processus de d\u00e9veloppement.<\/p>\n\t\t<\/div>\n\t<\/div>\n\n\n\t\t\n    <div class=\"clearfix\"><\/div>\n<\/section>\n\n<section id=\"page-section-block_5fd6ea1e6243c\" class=\"search-block\">\n\n\t\t\n\t<div class=\"large-12 columns\">\n\t\t<h1>Que cherchez-vous?<\/h1>\n\t\t\t\t<form method=\"get\" id=\"searchform\" action=\"https:\/\/wwpbeauty.com\/fr\/\" data-trp-original-action=\"https:\/\/wwpbeauty.com\/fr\/\">\n      \t\t<input type=\"text\" value=\"\" placeholder=\"produits, ressources et plus\" id=\"s\" name=\"s\">\n     \t\t <input type=\"submit\" id=\"searchsubmit\" value=\"Chercher\" class=\"btn hide\" \/>\n    \t<input type=\"hidden\" name=\"trp-form-language\" value=\"fr\"\/><\/form>\n\n\t<\/div>\n\n\t\n    <div class=\"clearfix\"><\/div>\n\n\n\n<\/section>\n<style type=\"text\/css\">\n\t#page-section-block_5fd6ea1e6243c {\n\t\tbackground:#f2ebe7;\n\t}\n<\/style>\n\n<section id=\"page-section-block_5fd6ea506243d\" class=\"page-section-block layout-pill-left #b9d3dc\">\n\n\t<div class=\"large-6 medium-6 columns image-column\">\n\t<img decoding=\"async\" src=\"https:\/\/wwpbeauty.com\/wp-content\/uploads\/2020\/12\/WWP_Boomerang1.gif\" alt=\"\" class=\"image-layout-pill-left\"\/>\n<\/div>\n<div class=\"large-6 medium-6 columns text-column\">\n\t<div class=\"headlines\">\n    \t<h1>Vous apporter de la valeur<\/h1>\n    \t<h2><\/h2>\n\t<\/div>\n\t\n\t<div class=\"section-body\">\n\t\t<p>O\u00f9 que vous soyez dans le monde, nous serons l\u00e0 pour vous. Nous avons une \u00e9quipe d&#039;experts du monde entier qui nous aident \u00e0 offrir une efficacit\u00e9 globale sur votre march\u00e9 local. Avec un r\u00e9seau mondial derri\u00e8re votre marque, vous serez en mesure de servir vos clients \u00e0 toutes les capacit\u00e9s, et nous serons l\u00e0 pour c\u00e9l\u00e9brer votre succ\u00e8s.<\/p>\n\t<\/div>\n\t\n\t<\/div>\n<div class=\"clearfix\"><\/div>    \t\n\n<\/section>\n<style type=\"text\/css\">\n\t#page-section-block_5fd6ea506243d {\n\t\tbackground:#b9d3dc;\t}\n\t#page-section-block_5fd6ea506243d a.button {\n\t\tbackground:#F2EBE7;\n\t}\n\t#page-section-block_5fd6ea506243d .section-text {\n\t\tbackground:#b9d3dc\t}\n<\/style>\n\n<section id=\"page-section-block_5fd2f868dc298\" class=\"list-section-block layout-list-left\">\n\n\t<div class=\"large-4 medium-4 columns list-column hide-for-small\">\n\t<ul>\n<li>Couleur<\/li>\n<li>Peau<\/li>\n<li>Cheveux<\/li>\n<li>Fragrance<\/li>\n<li>Corps de bain<\/li>\n<li>Soins personnels<\/li>\n<li>EPI<\/li>\n<\/ul>\n\t\n<\/div>\n<div class=\"large-8 medium-8 columns text-column\">\n    \t<h1>Packagings<\/h1>\n\t\t<p>Nous concevons, concevons et fabriquons des solutions durables prim\u00e9es, des emballages personnalis\u00e9s et une offre de stock de premier plan qui r\u00e9pond aux besoins des marques dans toutes les cat\u00e9gories de l&#039;industrie de la beaut\u00e9.<\/p>\n\t\n<\/div>\n<div class=\"large-4 medium-4 columns list-column hide-for-medium-up\">\n\t<ul>\n<li>Couleur<\/li>\n<li>Peau<\/li>\n<li>Cheveux<\/li>\n<li>Fragrance<\/li>\n<li>Corps de bain<\/li>\n<li>Soins personnels<\/li>\n<li>EPI<\/li>\n<\/ul>\n\t\n<\/div>\n<div class=\"clearfix\"><\/div>    \t\n\n<\/section>\n<style type=\"text\/css\">\n\t#page-section-block_5fd2f868dc298 {\n\t\tbackground:#f2ebe7\t}\n\n\t#page-section-block_5fd2f868dc298 .list-column {\n\t\tbackground:#b9d3dc\t}\t\n\n\t#page-section-block_5fd2f868dc298 .text-column {\n\t\tbackground:#f2ebe7\t}\t\n<\/style>\n\n<section id=\"page-section-block_5fd6ecea62440\" class=\"list-section-block layout-list-right\">\n\n\t<div class=\"large-7 medium-8 columns text-column\">\n    \t<h1>Beauty &amp; Wellness Accessories<\/h1>\n\t\t<p>Associez vos produits aux accessoires parfaits ou ajoutez-les \u00e0 votre ensemble en ligne. Nous avons de nombreuses options d&#039;accessoires durables et sans cruaut\u00e9 qui aideront \u00e0 \u00e9lever votre marque.<\/p>\n\t\n<\/div>\n<div class=\"large-5 medium-4 columns list-column\">\n\t<ul>\n<li>Pinceaux<\/li>\n<li>Applicateurs<\/li>\n<li>Outils de soins de la peau<\/li>\n<li>Sacs<\/li>\n<li>Corps de bain<\/li>\n<li>\u00c9ponges<\/li>\n<li>Outils de cheveux<\/li>\n<li>GWP (cadeau avec achats)<\/li>\n<\/ul>\n\t\n<\/div>\n<div class=\"clearfix\"><\/div>    \t\n\n<\/section>\n<style type=\"text\/css\">\n\t#page-section-block_5fd6ecea62440 {\n\t\tbackground:#f2ebe7\t}\n\n\t#page-section-block_5fd6ecea62440 .list-column {\n\t\tbackground:#ecc3b2\t}\t\n\n\t#page-section-block_5fd6ecea62440 .text-column {\n\t\tbackground:#f2ebe7\t}\t\n<\/style>\n\n<section id=\"page-section-block_5fd6eda762442\" class=\"page-section-block layout-call-to-action #f2ebe7\">\n\n\t\n<div class=\"large-6 medium-8 columns\">\n\t<div class=\"headlines\">\n    \t<h1>Envie d&#039;en voir plus?<\/h1>\n    \t<h2>Parcourez notre catalogue.<\/h2>\n\t<\/div>\n\t\n\t<div class=\"section-body\">\n\t\t\t<\/div>\n<\/div>\n<div class=\"large-6 medium-4 columns\">\n\t<\/div>\n<div class=\"clearfix\"><\/div>    \t\n\n<\/section>\n<style type=\"text\/css\">\n\t#page-section-block_5fd6eda762442 {\n\t\tbackground:#f2ebe7;\t}\n\t#page-section-block_5fd6eda762442 a.button {\n\t\tbackground:#b9d3dc;\n\t}\n\t#page-section-block_5fd6eda762442 .section-text {\n\t\tbackground:#f2ebe7\t}\n<\/style>\n\n\n<p><\/p>","protected":false},"excerpt":{"rendered":"","protected":false},"author":1,"featured_media":0,"parent":0,"menu_order":0,"comment_status":"closed","ping_status":"closed","template":"","meta":{"_acf_changed":false,"footnotes":""},"class_list":["post-18","page","type-page","status-publish","hentry"],"acf":[],"_links":{"self":[{"href":"https:\/\/wwpbeauty.com\/fr\/wp-json\/wp\/v2\/pages\/18","targetHints":{"allow":["GET"]}}],"collection":[{"href":"https:\/\/wwpbeauty.com\/fr\/wp-json\/wp\/v2\/pages"}],"about":[{"href":"https:\/\/wwpbeauty.com\/fr\/wp-json\/wp\/v2\/types\/page"}],"author":[{"embeddable":true,"href":"https:\/\/wwpbeauty.com\/fr\/wp-json\/wp\/v2\/users\/1"}],"replies":[{"embeddable":true,"href":"https:\/\/wwpbeauty.com\/fr\/wp-json\/wp\/v2\/comments?post=18"}],"version-history":[{"count":20,"href":"https:\/\/wwpbeauty.com\/fr\/wp-json\/wp\/v2\/pages\/18\/revisions"}],"predecessor-version":[{"id":1686,"href":"https:\/\/wwpbeauty.com\/fr\/wp-json\/wp\/v2\/pages\/18\/revisions\/1686"}],"wp:attachment":[{"href":"https:\/\/wwpbeauty.com\/fr\/wp-json\/wp\/v2\/media?parent=18"}],"curies":[{"name":"wp","href":"https:\/\/api.w.org\/{rel}","templated":true}]}}