{"id":23,"date":"2020-12-02T00:49:43","date_gmt":"2020-12-02T00:49:43","guid":{"rendered":"https:\/\/beta.wwpinc.com\/?page_id=23"},"modified":"2025-09-24T06:29:01","modified_gmt":"2025-09-24T06:29:01","slug":"we","status":"publish","type":"page","link":"https:\/\/wwpbeauty.com\/fr\/we\/","title":{"rendered":"Ensemble"},"content":{"rendered":"<section id=\"hero-block_5fd6f3628dd86\" class=\"hero-block\">\n\n\n\t\t\t\t<div class=\"video-background\">\n\t\t    <iframe id=\"home-video\" class=\"video\" src=\"https:\/\/player.vimeo.com\/video\/491914020?h=0de132ee50?autoplay=1&#038;loop=1&#038;autopause=0&#038;muted=1&#038;background=1&#038;byline=0&#038;controls=0&#038;title=0\" allow=\"autoplay\" style=\"position:absolute;top:0;left:0;width:100%;height: 100%;\"><\/iframe>\n\t\t\t<i class=\"icn-speaker\"><\/i>\n\t\t<\/div>\n\t\n\t<div class=\"large-7 medium-7 columns text-box\">\n    \t<h1>Ensemble nous pouvons. <\/h1>\t\n    \t<h2>Cr\u00e9er un avenir meilleur. <\/h2>\n\t\t<div class=\"section-body\">\n\t\t\t<p>C&#039;est notre engagement \u00e0 cr\u00e9er un impact positif et d\u00e9termin\u00e9 sur notre monde. Nous donnerons \u00e0 nos clients plus de choix avec un but pr\u00e9cis afin qu&#039;ils puissent participer \u00e0 notre cheminement pour rendre l&#039;avenir plus durable, propre et inclusif.<\/p>\n\t\t<\/div>\n\t<\/div>\n\n\n\t\t\n    <div class=\"clearfix\"><\/div>\n<\/section>\n\n\n<div class=\"wp-block-group our-pillars has-black-color has-blue-background-color has-text-color has-background\"><div class=\"wp-block-group__inner-container is-layout-flow wp-block-group-is-layout-flow\">\n<h2 class=\"wp-block-heading\">Piliers du but<\/h2>\n<\/div><\/div>\n\n\n\n<div class=\"wp-block-group our-pillars we-pillars has-black-color has-blue-background-color has-text-color has-background\"><div class=\"wp-block-group__inner-container is-layout-flow wp-block-group-is-layout-flow\">\n<div class=\"wp-block-columns is-layout-flex wp-container-core-columns-is-layout-9d6595d7 wp-block-columns-is-layout-flex\">\n<div class=\"wp-block-column is-layout-flow wp-block-column-is-layout-flow\" style=\"flex-basis:33%\">\n<h3><img loading=\"lazy\" decoding=\"async\" class=\"alignnone wp-image-315 size-full\" src=\"https:\/\/wwpbeauty.com\/wp-content\/uploads\/2020\/12\/sustainable-solutions-icon.png\" alt=\"Sustainable Solutions\" width=\"100\" height=\"100\"><br>Durable<br>Solutions<\/h3>\n<p>We provide sustainable packaging and accessories&nbsp;<br>that reduce our\/your global carbon footprint.<\/p>\n<\/div>\n\n\n\n<div class=\"wp-block-column is-layout-flow wp-block-column-is-layout-flow\" style=\"flex-basis:33%\">\n<h3><img loading=\"lazy\" decoding=\"async\" class=\"alignnone wp-image-312 size-full\" src=\"https:\/\/wwpbeauty.com\/wp-content\/uploads\/2020\/12\/clean-compliant-icon.png\" alt=\"Clean and Compliant\" width=\"100\" height=\"100\"><br>Socialement<br>Responsable<\/h3>\n<p>We support brands and organizations that are aligned<br>with&nbsp;our company values and purpose.&nbsp;<\/p>\n<\/div>\n\n\n\n<div class=\"wp-block-column is-layout-flow wp-block-column-is-layout-flow\" style=\"flex-basis:33%\">\n<h3><img loading=\"lazy\" decoding=\"async\" class=\"alignnone wp-image-314 size-full\" src=\"https:\/\/wwpbeauty.com\/wp-content\/uploads\/2020\/12\/inclusive-diverse-icon.png\" alt=\"Inclusive Diverse\" width=\"100\" height=\"100\"><br>Inclusive&amp;<br><span style=\"color: inherit; font-size: 2.1rem; background-color: transparent;\">Diverse<\/span><\/h3>\n<p>We are committed to providing beauty solutions that are<br>inclusive of all people.&nbsp;<\/p>\n<\/div>\n<\/div>\n<\/div><\/div>\n\n\n<section id=\"page-section-block_5fd779dd9e1a1\" class=\"page-section-block layout-call-to-action #b9d3dc\">\n\n\t\n<div class=\"large-6 medium-8 columns\">\n\t<div class=\"headlines\">\n    \t<h1>Vous voulez la derni\u00e8re?<\/h1>\n    \t<h2>Consultez notre section actualit\u00e9s.<\/h2>\n\t<\/div>\n\t\n\t<div class=\"section-body\">\n\t\t\t<\/div>\n<\/div>\n<div class=\"large-6 medium-4 columns\">\n\t\t\t<div class=\"link\">\n\t\t\t<a href=\"https:\/\/wwpbeauty.com\/fr\/news\/\" class=\"button\">Nouvelles<\/a>\n\t\t<\/div>\n    <\/div>\n<div class=\"clearfix\"><\/div>    \t\n\n<\/section>\n<style type=\"text\/css\">\n\t#page-section-block_5fd779dd9e1a1 {\n\t\tbackground:#b9d3dc;\t}\n\t#page-section-block_5fd779dd9e1a1 a.button {\n\t\tbackground:#F2EBE7;\n\t}\n\t#page-section-block_5fd779dd9e1a1 .section-text {\n\t\tbackground:#b9d3dc\t}\n<\/style>\n\n<section id=\"page-section-block_5fd77a0c9e1a2\" class=\"page-section-block layout-pill-left #b6cfae\">\n\n\t<div class=\"large-6 medium-6 columns image-column\">\n\t<img decoding=\"async\" src=\"https:\/\/wwpbeauty.com\/wp-content\/uploads\/2020\/12\/future-sustainability-e1607957432944.jpg\" alt=\"Sustainability is the Future\" class=\"image-layout-pill-left\"\/>\n<\/div>\n<div class=\"large-6 medium-6 columns text-column\">\n\t<div class=\"headlines\">\n    \t<h1>L&#039;avenir est durable<\/h1>\n    \t<h2><\/h2>\n\t<\/div>\n\t\n\t<div class=\"section-body\">\n\t\t<p>WWP Beauty est le partenaire id\u00e9al pour atteindre vos objectifs de d\u00e9veloppement durable avec des am\u00e9liorations mesurables dans les cat\u00e9gories suivantes:<\/p>\n<ul>\n<li>R\u00e9duire<\/li>\n<li>R\u00e9utilisation<\/li>\n<li>Recycler<\/li>\n<li>Remplacer<\/li>\n<li>Rebirth<\/li>\n<li>Le respect<\/li>\n<\/ul>\n\t<\/div>\n\t\n\t<\/div>\n<div class=\"clearfix\"><\/div>    \t\n\n<\/section>\n<style type=\"text\/css\">\n\t#page-section-block_5fd77a0c9e1a2 {\n\t\tbackground:#b6cfae;\t}\n\t#page-section-block_5fd77a0c9e1a2 a.button {\n\t\tbackground:#f2ebe7;\n\t}\n\t#page-section-block_5fd77a0c9e1a2 .section-text {\n\t\tbackground:#b6cfae\t}\n<\/style>\n\n\n<section id=\"page-section-block_5febaaf816aea\" class=\"logo-block\">\n\n         \n\t\t    \n    <div class=\"row\">\n\n\t<div class=\"logos-header\">\n        <div class=\"large-4 medium-6 columns\">\n            <h1>Partenaires en durabilit\u00e9<\/h1>   \n        <\/div>\n        <div class=\"large-8 medium-6 columns\">\n            Cr\u00e9er un but n\u00e9cessite plus d&#039;une entreprise. Voici quelques-uns de nos pr\u00e9cieux partenaires et organisations partageant les m\u00eames id\u00e9es qui nous aident \u00e0 ouvrir la voie \u00e0 un avenir plus durable.        <\/div>\n        <div class=\"clearfix\"><\/div>\n\t<\/div><!--.logos-header-->\n\t<div class=\"logos-container\">\n\t\t\t   \n\t\t\t<div class=\"large-2 medium-3 small-6 columns\">\n\t\t\t\t<img decoding=\"async\" src=\"https:\/\/wwpbeauty.com\/wp-content\/uploads\/2020\/12\/corp-citiz-bkwt.png\">\n\t\t\t<\/div>\n\t\t\n\t\t   \n\t\t\t<div class=\"large-2 medium-3 small-6 columns\">\n\t\t\t\t<img decoding=\"async\" src=\"https:\/\/wwpbeauty.com\/wp-content\/uploads\/2020\/12\/ecovadis.png\">\n\t\t\t<\/div>\n\t\t\n\t\t   \n\t\t\t<div class=\"large-2 medium-3 small-6 columns\">\n\t\t\t\t<img decoding=\"async\" src=\"https:\/\/wwpbeauty.com\/wp-content\/uploads\/2020\/12\/semta.png\">\n\t\t\t<\/div>\n\t\t\n\t\t   \n\t\t\t<div class=\"large-2 medium-3 small-6 columns\">\n\t\t\t\t<img decoding=\"async\" src=\"https:\/\/wwpbeauty.com\/wp-content\/uploads\/2020\/12\/global-compact-logo-wide.png\">\n\t\t\t<\/div>\n\t\t\n\t\t   \n\t\t\t<div class=\"large-2 medium-3 small-6 columns\">\n\t\t\t\t<img decoding=\"async\" src=\"https:\/\/wwpbeauty.com\/wp-content\/uploads\/2020\/12\/ISCC-Logo.png\">\n\t\t\t<\/div>\n\t\t\n\t\t   \n\t\t\t<div class=\"large-2 medium-3 small-6 columns\">\n\t\t\t\t<img decoding=\"async\" src=\"https:\/\/wwpbeauty.com\/wp-content\/uploads\/2020\/12\/disney.png\">\n\t\t\t<\/div>\n\t\t\n\t\t   \n\t\t\t<div class=\"large-2 medium-3 small-6 columns\">\n\t\t\t\t<img decoding=\"async\" src=\"https:\/\/wwpbeauty.com\/wp-content\/uploads\/2020\/12\/SAI.png\">\n\t\t\t<\/div>\n\t\t\n\t\t   \n\t\t\t<div class=\"large-2 medium-3 small-6 columns\">\n\t\t\t\t<img decoding=\"async\" src=\"https:\/\/wwpbeauty.com\/wp-content\/uploads\/2020\/12\/workplace.png\">\n\t\t\t<\/div>\n\t\t\n\t \n    <div class=\"clearfix\"><\/div>\n\t\t<\/div><!--\/.logo-container-->\n\n\t<\/div><!--\/.row-->\n\n\n<\/section>\n\n<style type=\"text\/css\">\n    #page-section-block_5febaaf816aea {\n        background:#f2ebe7    }\n<\/style>\n\n<section id=\"page-section-block_5fd77b0c9e1a3\" class=\"page-section-block layout-call-to-action #f2ebe7\">\n\n\t\n<div class=\"large-6 medium-8 columns\">\n\t<div class=\"headlines\">\n    \t<h1>Pr\u00eat \u00e0 commencer?<\/h1>\n    \t<h2>Nous contacter.<\/h2>\n\t<\/div>\n\t\n\t<div class=\"section-body\">\n\t\t\t<\/div>\n<\/div>\n<div class=\"large-6 medium-4 columns\">\n\t\t\t<div class=\"link\">\n\t\t\t<a href=\"https:\/\/wwpbeauty.com\/fr\/contact\/\" class=\"button\">Collaborons<\/a>\n\t\t<\/div>\n    <\/div>\n<div class=\"clearfix\"><\/div>    \t\n\n<\/section>\n<style type=\"text\/css\">\n\t#page-section-block_5fd77b0c9e1a3 {\n\t\tbackground:#f2ebe7;\t}\n\t#page-section-block_5fd77b0c9e1a3 a.button {\n\t\tbackground:#b9d3dc;\n\t}\n\t#page-section-block_5fd77b0c9e1a3 .section-text {\n\t\tbackground:#f2ebe7\t}\n<\/style>","protected":false},"excerpt":{"rendered":"<p>Pillars of Purpose SustainableSolutions We provide sustainable packaging and accessories&nbsp;that reduce our\/your global carbon footprint. SociallyResponsible We support brands and organizations that are alignedwith&nbsp;our company values and purpose.&nbsp; Inclusive&amp;Diverse We are committed to providing beauty solutions that areinclusive of all &#8230;<\/p>","protected":false},"author":1,"featured_media":0,"parent":0,"menu_order":0,"comment_status":"closed","ping_status":"closed","template":"","meta":{"_acf_changed":false,"footnotes":""},"class_list":["post-23","page","type-page","status-publish","hentry"],"acf":[],"_links":{"self":[{"href":"https:\/\/wwpbeauty.com\/fr\/wp-json\/wp\/v2\/pages\/23","targetHints":{"allow":["GET"]}}],"collection":[{"href":"https:\/\/wwpbeauty.com\/fr\/wp-json\/wp\/v2\/pages"}],"about":[{"href":"https:\/\/wwpbeauty.com\/fr\/wp-json\/wp\/v2\/types\/page"}],"author":[{"embeddable":true,"href":"https:\/\/wwpbeauty.com\/fr\/wp-json\/wp\/v2\/users\/1"}],"replies":[{"embeddable":true,"href":"https:\/\/wwpbeauty.com\/fr\/wp-json\/wp\/v2\/comments?post=23"}],"version-history":[{"count":57,"href":"https:\/\/wwpbeauty.com\/fr\/wp-json\/wp\/v2\/pages\/23\/revisions"}],"predecessor-version":[{"id":1897,"href":"https:\/\/wwpbeauty.com\/fr\/wp-json\/wp\/v2\/pages\/23\/revisions\/1897"}],"wp:attachment":[{"href":"https:\/\/wwpbeauty.com\/fr\/wp-json\/wp\/v2\/media?parent=23"}],"curies":[{"name":"wp","href":"https:\/\/api.w.org\/{rel}","templated":true}]}}