{"id":3,"date":"2020-09-16T17:22:29","date_gmt":"2020-09-16T17:22:29","guid":{"rendered":"https:\/\/beta.wwpinc.com\/?page_id=3"},"modified":"2020-12-16T18:14:12","modified_gmt":"2020-12-16T18:14:12","slug":"privacy-policy","status":"publish","type":"page","link":"https:\/\/wwpbeauty.com\/fr\/privacy-policy\/","title":{"rendered":"Politique de confidentialit\u00e9"},"content":{"rendered":"<h1 class=\"wp-block-heading\">Politique de confidentialit\u00e9<\/h1>\n\n\n\n<p>[World Wide Packaging, LLC] (\u00abnous\u00bb ou \u00abnotre\u00bb ou \u00abnotre\u00bb) respecte la confidentialit\u00e9 de nos utilisateurs (\u00abutilisateur\u00bb ou \u00abvous\u00bb). Cette politique de confidentialit\u00e9 explique comment nous recueillons, utilisons, divulguons et prot\u00e9geons vos informations lorsque vous visitez notre site Web [nom du site Web.com] [et notre application mobile], y compris tout autre formulaire m\u00e9dia, canal m\u00e9dia, site Web mobile ou application mobile li\u00e9s ou connect\u00e9s \u00e0 celui-ci (collectivement, le \u00abSite\u00bb). Veuillez lire attentivement cette politique de confidentialit\u00e9. Si vous n&#039;\u00eates pas d&#039;accord avec les termes de cette politique de confidentialit\u00e9, veuillez ne pas acc\u00e9der au site.&nbsp;<\/p>\n\n\n\n<p>Nous nous r\u00e9servons le droit d&#039;apporter des modifications \u00e0 cette politique de confidentialit\u00e9 \u00e0 tout moment et pour quelque raison que ce soit. Nous vous informerons de tout changement en mettant \u00e0 jour la date de \u00abderni\u00e8re mise \u00e0 jour\u00bb de cette politique de confidentialit\u00e9. Tout changement ou modification entrera en vigueur imm\u00e9diatement apr\u00e8s la publication de la politique de confidentialit\u00e9 mise \u00e0 jour sur le site, et vous renoncez au droit de recevoir un avis sp\u00e9cifique de chaque changement ou modification.&nbsp;<\/p>\n\n\n\n<p>Nous vous encourageons \u00e0 consulter p\u00e9riodiquement cette politique de confidentialit\u00e9 pour rester inform\u00e9 des mises \u00e0 jour. Vous serez r\u00e9put\u00e9 avoir \u00e9t\u00e9 mis au courant, serez soumis et serez r\u00e9put\u00e9 avoir accept\u00e9 les modifications de toute politique de confidentialit\u00e9 r\u00e9vis\u00e9e par votre utilisation continue du site apr\u00e8s la date de publication de cette politique de confidentialit\u00e9 r\u00e9vis\u00e9e.&nbsp;&nbsp;<\/p>\n\n\n\n<p>Ce <a href=\"https:\/\/termly.io\/resources\/templates\/privacy-policy-template\/\">politique de confidentialit\u00e9<\/a> a \u00e9t\u00e9 cr\u00e9\u00e9 \u00e0 l&#039;aide de Termly.<\/p>\n\n\n\n<h2 class=\"wp-block-heading\"><strong>COLLECTE DE VOS INFORMATIONS<\/strong><\/h2>\n\n\n\n<p>Nous pouvons collecter des informations vous concernant de diff\u00e9rentes mani\u00e8res. Les informations que nous pouvons collecter sur le Site comprennent:<\/p>\n\n\n\n<h3 class=\"wp-block-heading\"><strong>Donn\u00e9es personnelles&nbsp;<\/strong><\/h3>\n\n\n\n<p>Des informations personnellement identifiables, telles que votre nom, votre adresse de livraison, votre adresse e-mail et votre num\u00e9ro de t\u00e9l\u00e9phone, ainsi que des informations d\u00e9mographiques, telles que votre \u00e2ge, votre sexe, votre ville natale et vos centres d&#039;int\u00e9r\u00eat, que vous nous communiquez volontairement [lorsque vous vous inscrivez sur le site lorsque vous choisir de participer \u00e0 diverses activit\u00e9s li\u00e9es aux formulaires en ligne, par exemple. Vous n&#039;\u00eates pas oblig\u00e9 de nous fournir des informations personnelles de quelque nature que ce soit, mais votre refus de le faire peut vous emp\u00eacher d&#039;utiliser certaines fonctionnalit\u00e9s du site.<\/p>\n\n\n\n<h3 class=\"wp-block-heading\"><strong>Donn\u00e9es d\u00e9riv\u00e9es&nbsp;<\/strong><\/h3>\n\n\n\n<p>Les informations que nos serveurs collectent automatiquement lorsque vous acc\u00e9dez au Site, telles que votre adresse IP, votre type de navigateur, votre syst\u00e8me d&#039;exploitation, vos temps d&#039;acc\u00e8s et les pages que vous avez consult\u00e9es directement avant et apr\u00e8s l&#039;acc\u00e8s au Site.<\/p>\n\n\n\n<h3 class=\"wp-block-heading\"><strong>Donn\u00e9es de l&#039;appareil mobile&nbsp;<\/strong><\/h3>\n\n\n\n<p>Informations sur l&#039;appareil, telles que l&#039;identifiant, le mod\u00e8le et le fabricant de votre appareil mobile, et des informations sur l&#039;emplacement de votre appareil, si vous acc\u00e9dez au site \u00e0 partir d&#039;un appareil mobile.<\/p>\n\n\n\n<h3 class=\"wp-block-heading\"><strong>Donn\u00e9es de tiers&nbsp;<\/strong><\/h3>\n\n\n\n<p>Informations provenant de tiers, telles que des informations personnelles ou des amis du r\u00e9seau, si vous connectez votre compte \u00e0 un tiers et accordez au Site l&#039;autorisation d&#039;acc\u00e9der \u00e0 ces informations.<\/p>\n\n\n\n<h3 class=\"wp-block-heading\"><strong>Donn\u00e9es issues de concours, de cadeaux et d&#039;enqu\u00eates&nbsp;<\/strong><\/h3>\n\n\n\n<p>Informations personnelles et autres que vous pouvez fournir lorsque vous participez \u00e0 des concours ou des cadeaux et \/ ou que vous r\u00e9pondez \u00e0 des sondages.<\/p>\n\n\n\n<h2 class=\"wp-block-heading\"><strong>UTILISATION DE VOS INFORMATIONS&nbsp;<\/strong><\/h2>\n\n\n\n<p>Avoir des informations pr\u00e9cises sur vous nous permet de vous offrir une exp\u00e9rience fluide, efficace et personnalis\u00e9e. Plus pr\u00e9cis\u00e9ment, nous pouvons utiliser les informations collect\u00e9es \u00e0 votre sujet via le Site pour:&nbsp;<\/p>\n\n\n\n<ul class=\"wp-block-list\"><li>Administrer des tirages au sort, des promotions et des concours.&nbsp;<\/li><li>Aider les forces de l&#039;ordre et r\u00e9pondre \u00e0 l&#039;assignation.<\/li><li>Compiler des donn\u00e9es et analyses statistiques anonymes pour une utilisation en interne ou avec des tiers.&nbsp;<\/li><li>Cr\u00e9ez et g\u00e9rez votre compte.<\/li><li>Envoyez-vous un e-mail concernant votre compte.&nbsp;<\/li><li>G\u00e9n\u00e9rez un profil personnel sur vous pour personnaliser vos futures visites sur le site.<\/li><li>Augmenter l&#039;efficacit\u00e9 et le fonctionnement du Site [et de notre application mobile].<\/li><li>Surveillez et analysez l&#039;utilisation et les tendances pour am\u00e9liorer votre exp\u00e9rience sur le site.<\/li><li>Vous informer des mises \u00e0 jour du site.&nbsp;<\/li><li>Vous proposer de nouveaux produits, services et \/ ou recommandations.<\/li><li>Effectuer d&#039;autres activit\u00e9s commerciales au besoin.<\/li><li>R\u00e9solvez les diff\u00e9rends et r\u00e9solvez les probl\u00e8mes.<\/li><li>R\u00e9pondre aux demandes de produits et de service client.<\/li><li>Envoyez-vous une newsletter.<\/li><li>Solliciter une assistance pour le site.&nbsp;<\/li><\/ul>\n\n\n\n<h2 class=\"wp-block-heading\"><strong>DIVULGATION DE VOS INFORMATIONS<\/strong><\/h2>\n\n\n\n<p>Nous pouvons partager les informations que nous avons collect\u00e9es \u00e0 votre sujet dans certaines situations. Vos informations peuvent \u00eatre divulgu\u00e9es comme suit:&nbsp;&nbsp;<\/p>\n\n\n\n<h3 class=\"wp-block-heading\"><strong>Par la loi ou pour prot\u00e9ger les droits&nbsp;<\/strong><\/h3>\n\n\n\n<p>Si nous pensons que la divulgation d&#039;informations vous concernant est n\u00e9cessaire pour r\u00e9pondre \u00e0 une proc\u00e9dure l\u00e9gale, pour enqu\u00eater ou rem\u00e9dier aux violations potentielles de nos politiques, ou pour prot\u00e9ger les droits, la propri\u00e9t\u00e9 et la s\u00e9curit\u00e9 d&#039;autrui, nous pouvons partager vos informations comme autoris\u00e9 ou requis par toute loi, r\u00e8gle ou r\u00e8glement applicable. Cela comprend l&#039;\u00e9change d&#039;informations avec d&#039;autres entit\u00e9s pour la protection contre la fraude et la r\u00e9duction du risque de cr\u00e9dit.<\/p>\n\n\n\n<h3 class=\"wp-block-heading\"><strong>Fournisseurs de services tiers&nbsp;<\/strong><\/h3>\n\n\n\n<p>Nous pouvons partager vos informations avec des tiers qui fournissent des services pour nous ou en notre nom, y compris le traitement des paiements, l&#039;analyse des donn\u00e9es, la livraison d&#039;e-mails, les services d&#039;h\u00e9bergement, le service client et l&#039;assistance marketing.&nbsp;&nbsp;<\/p>\n\n\n\n<h3 class=\"wp-block-heading\"><strong>Communications marketing<\/strong><\/h3>\n\n\n\n<p>Avec votre consentement, ou avec la possibilit\u00e9 pour vous de retirer votre consentement, nous pouvons partager vos informations avec des tiers \u00e0 des fins de marketing, conform\u00e9ment \u00e0 la loi.<\/p>\n\n\n\n<h3 class=\"wp-block-heading\"><strong>Affili\u00e9s&nbsp;<\/strong><\/h3>\n\n\n\n<p>Nous pouvons partager vos informations avec nos affili\u00e9s, auquel cas nous demanderons \u00e0 ces affili\u00e9s d&#039;honorer cette politique de confidentialit\u00e9. Les affili\u00e9s comprennent notre soci\u00e9t\u00e9 m\u00e8re et toutes les filiales, partenaires de coentreprise ou autres soci\u00e9t\u00e9s que nous contr\u00f4lons ou qui sont sous contr\u00f4le commun avec nous.<\/p>\n\n\n\n<h3 class=\"wp-block-heading\"><strong>Partenaires d&#039;affaires&nbsp;<\/strong><\/h3>\n\n\n\n<p>Nous pouvons partager vos informations avec nos partenaires commerciaux pour vous proposer certains produits, services ou promotions.&nbsp;<\/p>\n\n\n\n<h3 class=\"wp-block-heading\"><strong>Autres tiers<\/strong><\/h3>\n\n\n\n<p>Nous pouvons partager vos informations avec des annonceurs et des investisseurs dans le but de mener une analyse commerciale g\u00e9n\u00e9rale. Nous pouvons \u00e9galement partager vos informations avec ces tiers \u00e0 des fins de marketing, conform\u00e9ment \u00e0 la loi.&nbsp;<\/p>\n\n\n\n<h3 class=\"wp-block-heading\"><strong>Vente ou faillite&nbsp;<\/strong><\/h3>\n\n\n\n<p>Si nous r\u00e9organisons ou vendons tout ou une partie de nos actifs, subissons une fusion ou sommes acquis par une autre entit\u00e9, nous pouvons transf\u00e9rer vos informations \u00e0 l&#039;entit\u00e9 successeur. Si nous faisons faillite ou faisons faillite, vos informations constitueraient un actif transf\u00e9r\u00e9 ou acquis par un tiers. Vous reconnaissez que de tels transferts peuvent se produire et que le cessionnaire peut refuser d&#039;honorer les engagements que nous avons pris dans cette politique de confidentialit\u00e9.<\/p>\n\n\n\n<p>Nous ne sommes pas responsables des actions des tiers avec lesquels vous partagez des donn\u00e9es personnelles ou sensibles, et nous n&#039;avons aucune autorit\u00e9 pour g\u00e9rer ou contr\u00f4ler les sollicitations de tiers. Si vous ne souhaitez plus recevoir de correspondance, d&#039;e-mails ou d&#039;autres communications de tiers, vous \u00eates responsable de contacter directement le tiers.<\/p>\n\n\n\n<h2 class=\"wp-block-heading\"><strong>TECHNOLOGIES DE SUIVI<\/strong><\/h2>\n\n\n\n<h3 class=\"wp-block-heading\"><strong>Cookies et balises Web<\/strong><\/h3>\n\n\n\n<p>[Nous pouvons utiliser des cookies, des balises Web, des pixels de suivi et d&#039;autres technologies de suivi sur le site pour aider \u00e0 personnaliser le site et am\u00e9liorer votre exp\u00e9rience. Lorsque vous acc\u00e9dez au site, vos informations personnelles ne sont pas collect\u00e9es gr\u00e2ce \u00e0 l&#039;utilisation de la technologie de suivi. La plupart des navigateurs sont configur\u00e9s pour accepter les cookies par d\u00e9faut. Vous pouvez supprimer ou rejeter les cookies, mais sachez qu&#039;une telle action pourrait affecter la disponibilit\u00e9 et la fonctionnalit\u00e9 du site Vous ne pouvez pas refuser les balises Web. Cependant, ils peuvent \u00eatre rendus inefficaces en refusant tous les cookies ou en modifiant les param\u00e8tres de votre navigateur Web pour vous avertir chaque fois qu&#039;un cookie est d\u00e9pos\u00e9, vous permettant d&#039;accepter ou de refuser les cookies sur une base individuelle.]<\/p>\n\n\n\n<p>[Nous pouvons utiliser des cookies, des balises Web, des pixels de suivi et d&#039;autres technologies de suivi sur le site pour aider \u00e0 personnaliser le site et am\u00e9liorer votre exp\u00e9rience. Pour plus d&#039;informations sur la fa\u00e7on dont nous utilisons les cookies, veuillez vous r\u00e9f\u00e9rer \u00e0 notre politique de cookies publi\u00e9e sur le site, qui est int\u00e9gr\u00e9e dans cette politique de confidentialit\u00e9. En utilisant le site, vous acceptez d&#039;\u00eatre li\u00e9 par notre politique en mati\u00e8re de cookies.]<\/p>\n\n\n\n<h3 class=\"wp-block-heading\"><strong>Publicit\u00e9 sur Internet<\/strong><\/h3>\n\n\n\n<p>De plus, nous pouvons utiliser des logiciels tiers pour diffuser des publicit\u00e9s sur le site, mettre en \u0153uvre des campagnes de marketing par e-mail et g\u00e9rer d&#039;autres initiatives de marketing interactif. Ce logiciel tiers peut utiliser des cookies ou une technologie de suivi similaire pour vous aider \u00e0 g\u00e9rer et \u00e0 optimiser votre exp\u00e9rience en ligne avec nous. Pour plus d&#039;informations sur la d\u00e9sactivation des publicit\u00e9s cibl\u00e9es par centres d&#039;int\u00e9r\u00eat, consultez la page <a href=\"http:\/\/www.networkadvertising.org\/choices\/\">Outil de d\u00e9sactivation de l&#039;initiative de publicit\u00e9 sur le r\u00e9seau<\/a> ou <a href=\"http:\/\/www.aboutads.info\/choices\/\">Outil de d\u00e9sinscription de l&#039;Alliance pour la publicit\u00e9 num\u00e9rique<\/a>.<\/p>\n\n\n\n<h3 class=\"wp-block-heading\"><strong>Analyse de site Web&nbsp;<\/strong><\/h3>\n\n\n\n<p>Nous pouvons \u00e9galement \u00e9tablir des partenariats avec des fournisseurs tiers s\u00e9lectionn\u00e9s [, tels que <a href=\"https:\/\/support.google.com\/analytics\/answer\/6004245?hl=en\">Google Analytics<\/a>, et autres], pour permettre aux technologies de suivi et aux services de remarketing sur le site gr\u00e2ce \u00e0 l&#039;utilisation de cookies de premi\u00e8re partie et de cookies tiers, entre autres, d&#039;analyser et de suivre l&#039;utilisation du site par les utilisateurs, de d\u00e9terminer la popularit\u00e9 de certains contenus et mieux comprendre l&#039;activit\u00e9 en ligne. En acc\u00e9dant au Site, vous consentez \u00e0 la collecte et \u00e0 l&#039;utilisation de vos informations par ces fournisseurs tiers. Nous vous encourageons \u00e0 consulter leur politique de confidentialit\u00e9 et \u00e0 les contacter directement pour obtenir des r\u00e9ponses \u00e0 vos questions. Nous ne transf\u00e9rons pas d&#039;informations personnelles \u00e0 ces fournisseurs tiers. Cependant, si vous ne souhaitez pas que des informations soient collect\u00e9es et utilis\u00e9es par les technologies de suivi, vous pouvez visiter le fournisseur tiers ou le <a href=\"http:\/\/www.networkadvertising.org\/choices\/\">Outil de d\u00e9sactivation de l&#039;initiative de publicit\u00e9 sur le r\u00e9seau<\/a> ou <a href=\"http:\/\/www.aboutads.info\/choices\/\">Outil de d\u00e9sinscription de l&#039;Alliance pour la publicit\u00e9 num\u00e9rique<\/a>.<\/p>\n\n\n\n<p>Vous devez savoir que l&#039;obtention d&#039;un nouvel ordinateur, l&#039;installation d&#039;un nouveau navigateur, la mise \u00e0 niveau d&#039;un navigateur existant ou la suppression ou la modification des fichiers cookies de votre navigateur peuvent \u00e9galement effacer certains cookies, plug-ins ou param\u00e8tres de d\u00e9sactivation.<\/p>\n\n\n\n<h2 class=\"wp-block-heading\"><strong>SITES WEB TIERS<\/strong><\/h2>\n\n\n\n<p>Le Site [et notre application mobile] peut contenir des liens vers des sites Web tiers et des applications d&#039;int\u00e9r\u00eat, y compris des publicit\u00e9s et des services externes, qui ne sont pas affili\u00e9s \u00e0 nous. Une fois que vous avez utilis\u00e9 ces liens pour quitter le site [ou notre application mobile], toute information que vous fournissez \u00e0 ces tiers n&#039;est pas couverte par cette politique de confidentialit\u00e9, et nous ne pouvons pas garantir la s\u00e9curit\u00e9 et la confidentialit\u00e9 de vos informations. Avant de visiter et de fournir des informations \u00e0 des sites Web tiers, vous devez vous informer des politiques et pratiques de confidentialit\u00e9 (le cas \u00e9ch\u00e9ant) du tiers responsable de ce site Web, et prendre les mesures n\u00e9cessaires pour, \u00e0 votre discr\u00e9tion, prot\u00e9ger le confidentialit\u00e9 de vos informations. Nous ne sommes pas responsables du contenu ou des pratiques et politiques de confidentialit\u00e9 et de s\u00e9curit\u00e9 de tout tiers, y compris d&#039;autres sites, services ou applications qui peuvent \u00eatre li\u00e9s vers ou depuis le site [ou notre application mobile].<\/p>\n\n\n\n<h2 class=\"wp-block-heading\"><strong>S\u00c9CURIT\u00c9 DE VOS INFORMATIONS<\/strong><\/h2>\n\n\n\n<p>Nous utilisons des mesures de s\u00e9curit\u00e9 administratives, techniques et physiques pour aider \u00e0 prot\u00e9ger vos informations personnelles. Bien que nous ayons pris des mesures raisonnables pour s\u00e9curiser les informations personnelles que vous nous fournissez, sachez que malgr\u00e9 nos efforts, aucune mesure de s\u00e9curit\u00e9 n&#039;est parfaite ou imp\u00e9n\u00e9trable, et aucune m\u00e9thode de transmission de donn\u00e9es ne peut \u00eatre garantie contre toute interception ou autre type d&#039;utilisation abusive. Toute information divulgu\u00e9e en ligne est vuln\u00e9rable \u00e0 l&#039;interception et \u00e0 une utilisation abusive par des parties non autoris\u00e9es. Par cons\u00e9quent, nous ne pouvons garantir une s\u00e9curit\u00e9 compl\u00e8te si vous fournissez des informations personnelles.<\/p>\n\n\n\n<h2 class=\"wp-block-heading\"><strong>COMMANDES POUR LES FONCTIONNALIT\u00c9S NE PAS SUIVRE&nbsp;&nbsp;<\/strong><\/h2>\n\n\n\n<p>La plupart des navigateurs Web et certains syst\u00e8mes d&#039;exploitation mobiles [et nos applications mobiles] incluent une fonction ou un param\u00e8tre Do-Not-Track (\u00abDNT\u00bb) que vous pouvez activer pour signaler votre pr\u00e9f\u00e9rence en mati\u00e8re de confidentialit\u00e9 de ne pas avoir de donn\u00e9es sur vos activit\u00e9s de navigation en ligne surveill\u00e9es et collect\u00e9es. Aucune norme technologique uniforme pour la reconnaissance et la mise en \u0153uvre des signaux DNT n&#039;a \u00e9t\u00e9 finalis\u00e9e. En tant que tel, nous ne r\u00e9pondons actuellement pas aux signaux du navigateur DNT ou \u00e0 tout autre m\u00e9canisme qui communique automatiquement votre choix de ne pas \u00eatre suivi en ligne. Si une norme de suivi en ligne est adopt\u00e9e que nous devons suivre \u00e0 l&#039;avenir, nous vous informerons de cette pratique dans une version r\u00e9vis\u00e9e de cette politique de confidentialit\u00e9.\/La plupart des navigateurs Web et certains syst\u00e8mes d&#039;exploitation mobiles [et nos applications mobiles] incluent un Do -Fonctionnalit\u00e9 ou param\u00e8tre de non-suivi (\u00abDNT\u00bb) que vous pouvez activer pour signaler votre pr\u00e9f\u00e9rence en mati\u00e8re de confidentialit\u00e9 de ne pas avoir de donn\u00e9es sur vos activit\u00e9s de navigation en ligne surveill\u00e9es et collect\u00e9es. Si vous d\u00e9finissez le signal DNT sur votre navigateur, nous r\u00e9pondrons \u00e0 ces signaux de navigateur DNT.&nbsp;<\/p>\n\n\n\n<h2 class=\"wp-block-heading\"><strong>OPTIONS CONCERNANT VOS INFORMATIONS<\/strong><\/h2>\n\n\n\n<h3 class=\"wp-block-heading\"><strong>[Information sur le compte]<\/strong><\/h3>\n\n\n\n<p>Vous pouvez \u00e0 tout moment consulter ou modifier les informations de votre compte ou r\u00e9silier votre compte en:<\/p>\n\n\n\n<ul class=\"wp-block-list\"><li>Connexion aux param\u00e8tres de votre compte et mise \u00e0 jour de votre compte<\/li><li>Nous contacter en utilisant les coordonn\u00e9es fournies ci-dessous<\/li><li>[Autre]<\/li><\/ul>\n\n\n\n<p>\u00c0 votre demande de r\u00e9siliation de votre compte, nous d\u00e9sactiverons ou supprimerons votre compte et vos informations de nos bases de donn\u00e9es actives. Cependant, certaines informations peuvent \u00eatre conserv\u00e9es dans nos fichiers pour \u00e9viter la fraude, r\u00e9soudre les probl\u00e8mes, aider \u00e0 toute enqu\u00eate, appliquer nos conditions d&#039;utilisation et \/ ou se conformer aux exigences l\u00e9gales.]<\/p>\n\n\n\n<h3 class=\"wp-block-heading\"><strong>Courriels et communications<\/strong><\/h3>\n\n\n\n<p>Si vous ne souhaitez plus recevoir de correspondance, d&#039;e-mails ou d&#039;autres communications de notre part, vous pouvez vous d\u00e9sinscrire en:<\/p>\n\n\n\n<ul class=\"wp-block-list\"><li>Noter vos pr\u00e9f\u00e9rences au moment de l&#039;enregistrement de votre compte sur le Site [ou notre application mobile]<\/li><li>Connectez-vous aux param\u00e8tres de votre compte et mettez \u00e0 jour vos pr\u00e9f\u00e9rences.<\/li><li>Nous contacter en utilisant les coordonn\u00e9es fournies ci-dessous<\/li><\/ul>\n\n\n\n<p>Si vous ne souhaitez plus recevoir de correspondance, d&#039;e-mails ou d&#039;autres communications de tiers, vous \u00eates responsable de contacter directement le tiers.&nbsp;<\/p>\n\n\n\n<h2 class=\"wp-block-heading\"><strong>DROITS DE CONFIDENTIALIT\u00c9 EN CALIFORNIE<\/strong><\/h2>\n\n\n\n<p>La section 1798.83 du code civil californien, \u00e9galement connue sous le nom de loi \u00abShine The Light\u00bb, permet \u00e0 nos utilisateurs r\u00e9sidant en Californie de demander et d&#039;obtenir de nous, une fois par an et gratuitement, des informations sur les cat\u00e9gories d&#039;informations personnelles (le cas \u00e9ch\u00e9ant) que nous divulgu\u00e9s \u00e0 des tiers \u00e0 des fins de marketing direct et les noms et adresses de tous les tiers avec lesquels nous avons partag\u00e9 des informations personnelles au cours de l&#039;ann\u00e9e civile imm\u00e9diatement pr\u00e9c\u00e9dente. Si vous \u00eates un r\u00e9sident de Californie et que vous souhaitez faire une telle demande, veuillez nous soumettre votre demande par \u00e9crit en utilisant les coordonn\u00e9es fournies ci-dessous.<\/p>\n\n\n\n<p>Si vous avez moins de 18 ans, r\u00e9sidez en Californie et avez un compte enregistr\u00e9 sur le site [ou notre application mobile], vous avez le droit de demander la suppression des donn\u00e9es ind\u00e9sirables que vous publiez publiquement sur le site [ou notre application mobile ]. Pour demander la suppression de ces donn\u00e9es, veuillez nous contacter en utilisant les coordonn\u00e9es fournies ci-dessous, et inclure l&#039;adresse e-mail associ\u00e9e \u00e0 votre compte et une d\u00e9claration indiquant que vous r\u00e9sidez en Californie. Nous nous assurerons que les donn\u00e9es ne sont pas affich\u00e9es publiquement sur le site [ou notre application mobile], mais veuillez noter que les donn\u00e9es peuvent ne pas \u00eatre compl\u00e8tement ou compl\u00e8tement supprim\u00e9es de nos syst\u00e8mes.<\/p>","protected":false},"excerpt":{"rendered":"<p>Politique de confidentialit\u00e9 [World Wide Packaging, LLC] (\u00abnous\u00bb ou \u00abnotre\u00bb ou \u00abnotre\u00bb) respecte la confidentialit\u00e9 de nos utilisateurs (\u00abutilisateur\u00bb ou \u00abvous\u00bb). Cette politique de confidentialit\u00e9 explique comment nous recueillons, utilisons, divulguons et prot\u00e9geons vos informations lorsque vous visitez notre site Web [nom de\u2026<\/p>","protected":false},"author":1,"featured_media":0,"parent":0,"menu_order":0,"comment_status":"closed","ping_status":"open","template":"page-privacy.php","meta":{"_acf_changed":false,"footnotes":""},"class_list":["post-3","page","type-page","status-publish","hentry"],"acf":[],"_links":{"self":[{"href":"https:\/\/wwpbeauty.com\/fr\/wp-json\/wp\/v2\/pages\/3","targetHints":{"allow":["GET"]}}],"collection":[{"href":"https:\/\/wwpbeauty.com\/fr\/wp-json\/wp\/v2\/pages"}],"about":[{"href":"https:\/\/wwpbeauty.com\/fr\/wp-json\/wp\/v2\/types\/page"}],"author":[{"embeddable":true,"href":"https:\/\/wwpbeauty.com\/fr\/wp-json\/wp\/v2\/users\/1"}],"replies":[{"embeddable":true,"href":"https:\/\/wwpbeauty.com\/fr\/wp-json\/wp\/v2\/comments?post=3"}],"version-history":[{"count":3,"href":"https:\/\/wwpbeauty.com\/fr\/wp-json\/wp\/v2\/pages\/3\/revisions"}],"predecessor-version":[{"id":410,"href":"https:\/\/wwpbeauty.com\/fr\/wp-json\/wp\/v2\/pages\/3\/revisions\/410"}],"wp:attachment":[{"href":"https:\/\/wwpbeauty.com\/fr\/wp-json\/wp\/v2\/media?parent=3"}],"curies":[{"name":"wp","href":"https:\/\/api.w.org\/{rel}","templated":true}]}}